{"id":161,"date":"2025-01-05T11:09:56","date_gmt":"2025-01-05T11:09:56","guid":{"rendered":"https:\/\/fullstackdesigner.digital\/?page_id=161"},"modified":"2025-03-06T12:32:21","modified_gmt":"2025-03-06T12:32:21","slug":"acerca-de","status":"publish","type":"page","link":"https:\/\/fullstackdesigner.digital\/es\/acerca-de\/","title":{"rendered":"Acerca de"},"content":{"rendered":"<p><\/p>\n\n\n\n<div class=\"wp-block-uagb-container uagb-block-h8j4x5dq alignfull uagb-is-root-container\"><div class=\"uagb-container-inner-blocks-wrap\">\n<div class=\"wp-block-uagb-info-box uagb-block-jhiaqvl8 uagb-infobox__content-wrap  uagb-infobox-icon-above-title uagb-infobox-image-valign-top wp-block-uagb-info-box--has-margin\"><div class=\"uagb-infobox-margin-wrapper\"><div class=\"uagb-ifb-content\"><div class=\"uagb-ifb-title-wrap\"><h2 class=\"uagb-ifb-title\">Ra\u00fal V\u00e1zquez Gonz\u00e1lez<\/h2><\/div><p class=\"uagb-ifb-desc\">DISE\u00d1ADOR FULL-STACK<\/p><\/div><\/div><\/div>\n\n\n\n<div class=\"wp-block-uagb-container uagb-layout-flex uagb-block-4xok8o2w\">\n<div data-aos= \"fade-up\" data-aos-duration=\"400\" data-aos-delay=\"0\" data-aos-easing=\"ease\" data-aos-once=\"true\" class=\"wp-block-uagb-container uagb-block-6s395701\">\n<div class=\"wp-block-uagb-container uagb-block-defcb094\">\n<div class=\"wp-block-uagb-advanced-heading uagb-block-31392e86\"><h3 class=\"uagb-heading-text\">Saber hacer<\/h3><\/div>\n\n\n      \n\t\t\t<div class=\"uagb-icon-wrapper uagb-block-74d42024\"\n\t\t\tstyle=\"\" >\n\t\t\t\t\t\t\t\t\t<span class=\"uagb-svg-wrapper\" \n\t\t\t\t\t aria-label=\"Icono de medalla\"\t\t\t\t\ttabindex=\"0\">\t\t\n\t\t\t\t\t\t\t\t\t\t<svg xmlns=\"https:\/\/www.w3.org\/2000\/svg\" viewbox= \"0 0 512 512\" role=\"graphics-symbol\" aria-hidden=\"false\" aria-label=\"Icono de medalla\"><path d=\"M223.7 130.8L149.1 7.77C147.1 2.949 141.9 0 136.3 0H16.03c-12.95 0-20.53 14.58-13.1 25.18l111.3 158.9C143.9 156.4 181.7 137.3 223.7 130.8zM256 160c-97.25 0-176 78.75-176 176S158.8 512 256 512s176-78.75 176-176S353.3 160 256 160zM348.5 317.3l-37.88 37l8.875 52.25c1.625 9.25-8.25 16.5-16.63 12l-46.88-24.62L209.1 418.5c-8.375 4.5-18.25-2.75-16.63-12l8.875-52.25l-37.88-37C156.6 310.6 160.5 299 169.9 297.6l52.38-7.625L245.7 242.5c2-4.25 6.125-6.375 10.25-6.375S264.2 238.3 266.2 242.5l23.5 47.5l52.38 7.625C351.6 299 355.4 310.6 348.5 317.3zM495.1 0H375.7c-5.621 0-10.83 2.949-13.72 7.77l-73.76 122.1c42 6.5 79.88 25.62 109.5 53.38l111.3-158.9C516.5 14.58 508.9 0 495.1 0z\"><\/path><\/svg>\n\t\t\t\t\t\t\t\t\t<\/span>\n\t\t\t\t\t\t\t<\/div>\n\t\t\t<\/div>\n\n\n\n<div class=\"wp-block-uagb-advanced-heading uagb-block-03d8d3a5\"><h5 class=\"uagb-heading-text\">EXPERIENCIA SENIOR<\/h5><\/div>\n\n\n\n<p>He trabajado en todo tipo de industrias y proyectos: desde electr\u00f3nica a moda; desde redes sociales a animaciones 3D. Hazme saber lo que necesitas. Estoy a tu disposici\u00f3n.<\/p>\n<\/div>\n\n\n\n<div data-aos= \"fade-up\" data-aos-duration=\"400\" data-aos-delay=\"0\" data-aos-easing=\"ease\" data-aos-once=\"true\" class=\"wp-block-uagb-container uagb-block-e970cff9\">\n<div class=\"wp-block-uagb-container uagb-block-43eae5ba\">\n<div class=\"wp-block-uagb-advanced-heading uagb-block-9c388762\"><h3 class=\"uagb-heading-text\">Innovaci\u00f3n en mente<\/h3><\/div>\n\n\n      \n\t\t\t<div class=\"uagb-icon-wrapper uagb-block-5ac604be\"\n\t\t\tstyle=\"\" >\n\t\t\t\t\t\t\t\t\t<span class=\"uagb-svg-wrapper\" \n\t\t\t\t\t aria-label=\"Icono de la bombilla\"\t\t\t\t\ttabindex=\"0\">\t\t\n\t\t\t\t\t\t\t\t\t\t<svg xmlns=\"https:\/\/www.w3.org\/2000\/svg\" viewbox= \"0 0 384 512\" role=\"graphics-symbol\" aria-hidden=\"false\" aria-label=\"Icono de la bombilla\"><path d=\"M112.1 454.3c0 6.297 1.816 12.44 5.284 17.69l17.14 25.69c5.25 7.875 17.17 14.28 26.64 14.28h61.67c9.438 0 21.36-6.401 26.61-14.28l17.08-25.68c2.938-4.438 5.348-12.37 5.348-17.7L272 415.1h-160L112.1 454.3zM191.4 .0132C89.44 .3257 16 82.97 16 175.1c0 44.38 16.44 84.84 43.56 115.8c16.53 18.84 42.34 58.23 52.22 91.45c.0313 .25 .0938 .5166 .125 .7823h160.2c.0313-.2656 .0938-.5166 .125-.7823c9.875-33.22 35.69-72.61 52.22-91.45C351.6 260.8 368 220.4 368 175.1C368 78.61 288.9-.2837 191.4 .0132zM192 96.01c-44.13 0-80 35.89-80 79.1C112 184.8 104.8 192 96 192S80 184.8 80 176c0-61.76 50.25-111.1 112-111.1c8.844 0 16 7.159 16 16S200.8 96.01 192 96.01z\"><\/path><\/svg>\n\t\t\t\t\t\t\t\t\t<\/span>\n\t\t\t\t\t\t\t<\/div>\n\t\t\t<\/div>\n\n\n\n<div class=\"wp-block-uagb-advanced-heading uagb-block-9011ec58\"><h5 class=\"uagb-heading-text\">NOVEDOSO Y DIFERENTE<\/h5><\/div>\n\n\n\n<p>Siempre voy un paso m\u00e1s all\u00e1 a la hora de ofrecer soluciones personalizadas y \u00fanicas, encontrando formas modernas de presentar tu producto.<\/p>\n<\/div>\n\n\n\n<div data-aos= \"fade-up\" data-aos-duration=\"400\" data-aos-delay=\"0\" data-aos-easing=\"ease\" data-aos-once=\"true\" class=\"wp-block-uagb-container uagb-block-7c98295a\">\n<div class=\"wp-block-uagb-container uagb-block-cf83dc93\">\n<div class=\"wp-block-uagb-advanced-heading uagb-block-c4b869ef\"><h3 class=\"uagb-heading-text\">Atenci\u00f3n al detalle<\/h3><\/div>\n\n\n      \n\t\t\t<div class=\"uagb-icon-wrapper uagb-block-bbb6caff\"\n\t\t\tstyle=\"\" >\n\t\t\t\t\t\t\t\t\t<span class=\"uagb-svg-wrapper\" \n\t\t\t\t\t aria-label=\"Icono del microscopio\"\t\t\t\t\ttabindex=\"0\">\t\t\n\t\t\t\t\t\t\t\t\t\t<svg xmlns=\"https:\/\/www.w3.org\/2000\/svg\" viewbox= \"0 0 512 512\" role=\"graphics-symbol\" aria-hidden=\"false\" aria-label=\"Icono del microscopio\"><path d=\"M160 320h12v16c0 8.875 7.125 16 16 16h40c8.875 0 16-7.125 16-16V320H256c17.62 0 32-14.38 32-32V64c0-17.62-14.38-32-32-32V16C256 7.125 248.9 0 240 0h-64C167.1 0 160 7.125 160 16V32C142.4 32 128 46.38 128 64v224C128 305.6 142.4 320 160 320zM464 448h-1.25C493.2 414 512 369.2 512 320c0-105.9-86.13-192-192-192v64c70.63 0 128 57.38 128 128s-57.38 128-128 128H48C21.5 448 0 469.5 0 496C0 504.9 7.125 512 16 512h480c8.875 0 16-7.125 16-16C512 469.5 490.5 448 464 448zM104 416h208c4.375 0 8-3.625 8-8v-16c0-4.375-3.625-8-8-8h-208C99.63 384 96 387.6 96 392v16C96 412.4 99.63 416 104 416z\"><\/path><\/svg>\n\t\t\t\t\t\t\t\t\t<\/span>\n\t\t\t\t\t\t\t<\/div>\n\t\t\t<\/div>\n\n\n\n<div class=\"wp-block-uagb-advanced-heading uagb-block-7c5ada5f\"><h5 class=\"uagb-heading-text\">DISE\u00d1OS DE ALTA PRECISI\u00d3N<\/h5><\/div>\n\n\n\n<p>A menudo trabajo con marcas para las que es imprescindible obtener resultados impecables. Ofrecer productos de m\u00e1xima calidad es algo habitual aqu\u00ed.<\/p>\n<\/div>\n\n\n\n<div data-aos= \"fade-up\" data-aos-duration=\"400\" data-aos-delay=\"0\" data-aos-easing=\"ease\" data-aos-once=\"true\" class=\"wp-block-uagb-container uagb-block-a5b2c868\">\n<div class=\"wp-block-uagb-container uagb-block-8a70cd65\">\n<div class=\"wp-block-uagb-advanced-heading uagb-block-467cc2f4\"><h3 class=\"uagb-heading-text\">Mentalidad global<\/h3><\/div>\n\n\n      \n\t\t\t<div class=\"uagb-icon-wrapper uagb-block-be845578\"\n\t\t\tstyle=\"\" >\n\t\t\t\t\t\t\t\t\t<span class=\"uagb-svg-wrapper\" \n\t\t\t\t\t aria-label=\"Icono de avi\u00f3n\"\t\t\t\t\ttabindex=\"0\">\t\t\n\t\t\t\t\t\t\t\t\t\t<svg xmlns=\"https:\/\/www.w3.org\/2000\/svg\" viewbox= \"0 0 576 512\" role=\"graphics-symbol\" aria-hidden=\"false\" aria-label=\"Icono de avi\u00f3n\"><path d=\"M482.3 192C516.5 192 576 221 576 256C576 292 516.5 320 482.3 320H365.7L265.2 495.9C259.5 505.8 248.9 512 237.4 512H181.2C170.6 512 162.9 501.8 165.8 491.6L214.9 320H112L68.8 377.6C65.78 381.6 61.04 384 56 384H14.03C6.284 384 0 377.7 0 369.1C0 368.7 .1818 367.4 .5398 366.1L32 256L.5398 145.9C.1818 144.6 0 143.3 0 142C0 134.3 6.284 128 14.03 128H56C61.04 128 65.78 130.4 68.8 134.4L112 192H214.9L165.8 20.4C162.9 10.17 170.6 0 181.2 0H237.4C248.9 0 259.5 6.153 265.2 16.12L365.7 192H482.3z\"><\/path><\/svg>\n\t\t\t\t\t\t\t\t\t<\/span>\n\t\t\t\t\t\t\t<\/div>\n\t\t\t<\/div>\n\n\n\n<div class=\"wp-block-uagb-advanced-heading uagb-block-13d3932d\"><h5 class=\"uagb-heading-text\">OKEY EN REMOTO<\/h5><\/div>\n\n\n\n<p>Con 5 a\u00f1os trabajando en el extranjero para empresas internacionales y 4 trabajando a distancia para ellas, siempre estoy dispuesto a colaborar en cualquier equipo diverso y dispuesto a aprender de diferentes puntos de vista.<\/p>\n<\/div>\n\n\n\n<div data-aos= \"fade-up\" data-aos-duration=\"400\" data-aos-delay=\"0\" data-aos-easing=\"ease\" data-aos-once=\"true\" class=\"wp-block-uagb-container uagb-block-5af0a871\">\n<div class=\"wp-block-uagb-container uagb-block-252c0ca7\">\n<div class=\"wp-block-uagb-advanced-heading uagb-block-30d4552a\"><h3 class=\"uagb-heading-text\">Cobertura mundial<\/h3><\/div>\n\n\n      \n\t\t\t<div class=\"uagb-icon-wrapper uagb-block-16da264b\"\n\t\t\tstyle=\"\" >\n\t\t\t\t\t\t\t\t\t<span class=\"uagb-svg-wrapper\" \n\t\t\t\t\t aria-label=\"Icono del globo\"\t\t\t\t\ttabindex=\"0\">\t\t\n\t\t\t\t\t\t\t\t\t\t<svg xmlns=\"https:\/\/www.w3.org\/2000\/svg\" viewbox= \"0 0 512 512\" role=\"graphics-symbol\" aria-hidden=\"false\" aria-label=\"Icono del globo\"><path d=\"M352 256C352 278.2 350.8 299.6 348.7 320H163.3C161.2 299.6 159.1 278.2 159.1 256C159.1 233.8 161.2 212.4 163.3 192H348.7C350.8 212.4 352 233.8 352 256zM503.9 192C509.2 212.5 512 233.9 512 256C512 278.1 509.2 299.5 503.9 320H380.8C382.9 299.4 384 277.1 384 256C384 234 382.9 212.6 380.8 192H503.9zM493.4 160H376.7C366.7 96.14 346.9 42.62 321.4 8.442C399.8 29.09 463.4 85.94 493.4 160zM344.3 160H167.7C173.8 123.6 183.2 91.38 194.7 65.35C205.2 41.74 216.9 24.61 228.2 13.81C239.4 3.178 248.7 0 256 0C263.3 0 272.6 3.178 283.8 13.81C295.1 24.61 306.8 41.74 317.3 65.35C328.8 91.38 338.2 123.6 344.3 160H344.3zM18.61 160C48.59 85.94 112.2 29.09 190.6 8.442C165.1 42.62 145.3 96.14 135.3 160H18.61zM131.2 192C129.1 212.6 127.1 234 127.1 256C127.1 277.1 129.1 299.4 131.2 320H8.065C2.8 299.5 0 278.1 0 256C0 233.9 2.8 212.5 8.065 192H131.2zM194.7 446.6C183.2 420.6 173.8 388.4 167.7 352H344.3C338.2 388.4 328.8 420.6 317.3 446.6C306.8 470.3 295.1 487.4 283.8 498.2C272.6 508.8 263.3 512 255.1 512C248.7 512 239.4 508.8 228.2 498.2C216.9 487.4 205.2 470.3 194.7 446.6H194.7zM190.6 503.6C112.2 482.9 48.59 426.1 18.61 352H135.3C145.3 415.9 165.1 469.4 190.6 503.6V503.6zM321.4 503.6C346.9 469.4 366.7 415.9 376.7 352H493.4C463.4 426.1 399.8 482.9 321.4 503.6V503.6z\"><\/path><\/svg>\n\t\t\t\t\t\t\t\t\t<\/span>\n\t\t\t\t\t\t\t<\/div>\n\t\t\t<\/div>\n\n\n\n<div class=\"wp-block-uagb-advanced-heading uagb-block-868dc424\"><h5 class=\"uagb-heading-text\">EUROPA, ASIA, AM\u00c9RICA...<\/h5><\/div>\n\n\n\n<p>Comunicarme en ingl\u00e9s con clientes o colegas a trav\u00e9s de oficinas repartidas por todo el mundo forma parte de mi rutina diaria. Hablo ingl\u00e9s fluido, espa\u00f1ol y catal\u00e1n nativos, alem\u00e1n intermedio y entiendo mandar\u00edn b\u00e1sico.<\/p>\n<\/div>\n\n\n\n<div data-aos= \"fade-up\" data-aos-duration=\"400\" data-aos-delay=\"0\" data-aos-easing=\"ease\" data-aos-once=\"true\" class=\"wp-block-uagb-container uagb-block-32ef80d3\">\n<div class=\"wp-block-uagb-container uagb-block-82f7b3d7\">\n<div class=\"wp-block-uagb-advanced-heading uagb-block-72dfbb76\"><h3 class=\"uagb-heading-text\">Aprendizaje permanente<\/h3><\/div>\n\n\n      \n\t\t\t<div class=\"uagb-icon-wrapper uagb-block-6c95bf07\"\n\t\t\tstyle=\"\" >\n\t\t\t\t\t\t\t\t\t<span class=\"uagb-svg-wrapper\" \n\t\t\t\t\t aria-label=\"Icono del libro\"\t\t\t\t\ttabindex=\"0\">\t\t\n\t\t\t\t\t\t\t\t\t\t<svg xmlns=\"https:\/\/www.w3.org\/2000\/svg\" viewbox= \"0 0 448 512\" role=\"graphics-symbol\" aria-hidden=\"false\" aria-label=\"Icono del libro\"><path d=\"M448 336v-288C448 21.49 426.5 0 400 0H352v191.1c0 13.41-15.52 20.88-25.1 12.49L272 160L217.1 204.5C207.5 212.8 192 205.4 192 191.1V0H96C42.98 0 0 42.98 0 96v320c0 53.02 42.98 96 96 96h320c17.67 0 32-14.33 32-32c0-11.72-6.607-21.52-16-27.1v-81.36C441.8 362.8 448 350.2 448 336zM384 448H96c-17.67 0-32-14.33-32-32c0-17.67 14.33-32 32-32h288V448z\"><\/path><\/svg>\n\t\t\t\t\t\t\t\t\t<\/span>\n\t\t\t\t\t\t\t<\/div>\n\t\t\t<\/div>\n\n\n\n<div class=\"wp-block-uagb-advanced-heading uagb-block-3a7b705d\"><h5 class=\"uagb-heading-text\">Y actitud positiva<\/h5><\/div>\n\n\n\n<p>Desarrollo Front-End, WordPress, modelado 3D, animaci\u00f3n, edici\u00f3n de v\u00eddeo... \u00bfQu\u00e9 ser\u00e1 lo pr\u00f3ximo? Puedo aprender f\u00e1cilmente nuevas habilidades y acostumbrarme a cualquier nuevo software cuando sea necesario.<\/p>\n<\/div>\n<\/div>\n<\/div><\/div>\n\n\n\n<div class=\"wp-block-group alignfull has-background has-global-padding is-layout-constrained wp-container-core-group-is-layout-321d43d7 wp-block-group-is-layout-constrained\" style=\"background:var(--wp--preset--gradient--primary);margin-top:0;margin-bottom:0;padding-top:var(--wp--preset--spacing--x-large);padding-right:var(--wp--preset--spacing--x-large);padding-bottom:var(--wp--preset--spacing--x-large);padding-left:var(--wp--preset--spacing--x-large)\">\n<h2 class=\"wp-block-heading has-text-align-center has-white-color has-text-color\" style=\"letter-spacing:-1px\">\"No se trata de lo que har\u00e1 falta para llegar all\u00ed, sino de lo lejos que quieres llegar.\"<\/h2>\n\n\n\n<p class=\"has-text-align-center has-white-color has-text-color\"><\/p>\n\n\n\n<div class=\"wp-block-buttons is-content-justification-center is-layout-flex wp-container-core-buttons-is-layout-a89b3969 wp-block-buttons-is-layout-flex\">\n<div class=\"wp-block-button is-style-swt-button-inverse\"><a class=\"wp-block-button__link wp-element-button\" href=\"mailto:fullstackdesigner@proton.me\">Hablemos<\/a><\/div>\n<\/div>\n<\/div>\n\n\n\n<p><\/p>","protected":false},"excerpt":{"rendered":"<p>Know-how SENIOR EXPERTISE I have been involved in all kind of industries and projects: from electronics to fashion; from social networks to 3D animations. Let me know what you need. I am ready. Out-of-the-box thinking FRESH &amp; DIFFERENT I always go one step further when offering you tailored and unique solutions, finding trendy ways to [&hellip;]<\/p>\n","protected":false},"author":1,"featured_media":0,"parent":0,"menu_order":0,"comment_status":"closed","ping_status":"closed","template":"","meta":{"_uag_custom_page_level_css":"","_swt_meta_header_display":false,"_swt_meta_footer_display":false,"_swt_meta_site_title_display":false,"_swt_meta_sticky_header":false,"_swt_meta_transparent_header":false,"footnotes":""},"class_list":["post-161","page","type-page","status-publish","hentry"],"yoast_head":"<!-- This site is optimized with the Yoast SEO plugin v27.4 - https:\/\/yoast.com\/product\/yoast-seo-wordpress\/ -->\n<title>About | Full-Stack Designer<\/title>\n<meta name=\"description\" content=\"Full-Stack Designer: Project Management, UI\/UX Design, Front-End Development. Attention to detail, Know-how, Can-do attitude, International.\" \/>\n<meta name=\"robots\" content=\"index, follow, max-snippet:-1, max-image-preview:large, max-video-preview:-1\" \/>\n<link rel=\"canonical\" href=\"https:\/\/fullstackdesigner.digital\/es\/acerca-de\/\" \/>\n<meta property=\"og:locale\" content=\"es_ES\" \/>\n<meta property=\"og:type\" content=\"article\" \/>\n<meta property=\"og:title\" content=\"About | Full-Stack Designer\" \/>\n<meta property=\"og:description\" content=\"Full-Stack Designer: Project Management, UI\/UX Design, Front-End Development. Attention to detail, Know-how, Can-do attitude, International.\" \/>\n<meta property=\"og:url\" content=\"https:\/\/fullstackdesigner.digital\/es\/acerca-de\/\" \/>\n<meta property=\"og:site_name\" content=\"Full-Stack Designer\" \/>\n<meta property=\"article:modified_time\" content=\"2025-03-06T12:32:21+00:00\" \/>\n<meta property=\"og:image\" content=\"https:\/\/fullstackdesigner.digital\/wp-content\/uploads\/2025\/01\/cropped-logo-icon-black-square.png\" \/>\n\t<meta property=\"og:image:width\" content=\"512\" \/>\n\t<meta property=\"og:image:height\" content=\"512\" \/>\n\t<meta property=\"og:image:type\" content=\"image\/png\" \/>\n<meta name=\"twitter:card\" content=\"summary_large_image\" \/>\n<meta name=\"twitter:label1\" content=\"Tiempo de lectura\" \/>\n\t<meta name=\"twitter:data1\" content=\"1 minuto\" \/>\n<script type=\"application\/ld+json\" class=\"yoast-schema-graph\">{\"@context\":\"https:\\\/\\\/schema.org\",\"@graph\":[{\"@type\":\"WebPage\",\"@id\":\"https:\\\/\\\/fullstackdesigner.digital\\\/about\\\/\",\"url\":\"https:\\\/\\\/fullstackdesigner.digital\\\/about\\\/\",\"name\":\"About | Full-Stack Designer\",\"isPartOf\":{\"@id\":\"https:\\\/\\\/fullstackdesigner.digital\\\/#website\"},\"datePublished\":\"2025-01-05T11:09:56+00:00\",\"dateModified\":\"2025-03-06T12:32:21+00:00\",\"description\":\"Full-Stack Designer: Project Management, UI\\\/UX Design, Front-End Development. Attention to detail, Know-how, Can-do attitude, International.\",\"breadcrumb\":{\"@id\":\"https:\\\/\\\/fullstackdesigner.digital\\\/about\\\/#breadcrumb\"},\"inLanguage\":\"es\",\"potentialAction\":[{\"@type\":\"ReadAction\",\"target\":[\"https:\\\/\\\/fullstackdesigner.digital\\\/about\\\/\"]}]},{\"@type\":\"BreadcrumbList\",\"@id\":\"https:\\\/\\\/fullstackdesigner.digital\\\/about\\\/#breadcrumb\",\"itemListElement\":[{\"@type\":\"ListItem\",\"position\":1,\"name\":\"Home\",\"item\":\"https:\\\/\\\/fullstackdesigner.digital\\\/\"},{\"@type\":\"ListItem\",\"position\":2,\"name\":\"About\"}]},{\"@type\":\"WebSite\",\"@id\":\"https:\\\/\\\/fullstackdesigner.digital\\\/#website\",\"url\":\"https:\\\/\\\/fullstackdesigner.digital\\\/\",\"name\":\"Full-Stack Designer\",\"description\":\"UI UX Design and Development services\",\"publisher\":{\"@id\":\"https:\\\/\\\/fullstackdesigner.digital\\\/#\\\/schema\\\/person\\\/a0db32bb11ba746adaf71a58742d6510\"},\"potentialAction\":[{\"@type\":\"SearchAction\",\"target\":{\"@type\":\"EntryPoint\",\"urlTemplate\":\"https:\\\/\\\/fullstackdesigner.digital\\\/?s={search_term_string}\"},\"query-input\":{\"@type\":\"PropertyValueSpecification\",\"valueRequired\":true,\"valueName\":\"search_term_string\"}}],\"inLanguage\":\"es\"},{\"@type\":[\"Person\",\"Organization\"],\"@id\":\"https:\\\/\\\/fullstackdesigner.digital\\\/#\\\/schema\\\/person\\\/a0db32bb11ba746adaf71a58742d6510\",\"name\":\"Ra\u00fal V\u00e1zquez Gonz\u00e1lez\",\"image\":{\"@type\":\"ImageObject\",\"inLanguage\":\"es\",\"@id\":\"https:\\\/\\\/fullstackdesigner.digital\\\/wp-content\\\/uploads\\\/2025\\\/01\\\/cropped-logo-icon-black-square.png\",\"url\":\"https:\\\/\\\/fullstackdesigner.digital\\\/wp-content\\\/uploads\\\/2025\\\/01\\\/cropped-logo-icon-black-square.png\",\"contentUrl\":\"https:\\\/\\\/fullstackdesigner.digital\\\/wp-content\\\/uploads\\\/2025\\\/01\\\/cropped-logo-icon-black-square.png\",\"width\":512,\"height\":512,\"caption\":\"Ra\u00fal V\u00e1zquez Gonz\u00e1lez\"},\"logo\":{\"@id\":\"https:\\\/\\\/fullstackdesigner.digital\\\/wp-content\\\/uploads\\\/2025\\\/01\\\/cropped-logo-icon-black-square.png\"},\"sameAs\":[\"https:\\\/\\\/fullstackdesigner.digital\"]}]}<\/script>\n<!-- \/ Yoast SEO plugin. -->","yoast_head_json":{"title":"Acerca de | Full-Stack Designer","description":"Dise\u00f1ador Full-Stack: Gesti\u00f3n de proyectos, Dise\u00f1o UI\/UX, Desarrollo Front-End. Atenci\u00f3n al detalle, Know-how, Can-do attitude, Internacional.","robots":{"index":"index","follow":"follow","max-snippet":"max-snippet:-1","max-image-preview":"max-image-preview:large","max-video-preview":"max-video-preview:-1"},"canonical":"https:\/\/fullstackdesigner.digital\/es\/acerca-de\/","og_locale":"es_ES","og_type":"article","og_title":"About | Full-Stack Designer","og_description":"Full-Stack Designer: Project Management, UI\/UX Design, Front-End Development. Attention to detail, Know-how, Can-do attitude, International.","og_url":"https:\/\/fullstackdesigner.digital\/es\/acerca-de\/","og_site_name":"Full-Stack Designer","article_modified_time":"2025-03-06T12:32:21+00:00","og_image":[{"width":512,"height":512,"url":"https:\/\/fullstackdesigner.digital\/wp-content\/uploads\/2025\/01\/cropped-logo-icon-black-square.png","type":"image\/png"}],"twitter_card":"summary_large_image","twitter_misc":{"Tiempo de lectura":"1 minuto"},"schema":{"@context":"https:\/\/schema.org","@graph":[{"@type":"WebPage","@id":"https:\/\/fullstackdesigner.digital\/about\/","url":"https:\/\/fullstackdesigner.digital\/about\/","name":"Acerca de | Full-Stack Designer","isPartOf":{"@id":"https:\/\/fullstackdesigner.digital\/#website"},"datePublished":"2025-01-05T11:09:56+00:00","dateModified":"2025-03-06T12:32:21+00:00","description":"Dise\u00f1ador Full-Stack: Gesti\u00f3n de proyectos, Dise\u00f1o UI\/UX, Desarrollo Front-End. Atenci\u00f3n al detalle, Know-how, Can-do attitude, Internacional.","breadcrumb":{"@id":"https:\/\/fullstackdesigner.digital\/about\/#breadcrumb"},"inLanguage":"es","potentialAction":[{"@type":"ReadAction","target":["https:\/\/fullstackdesigner.digital\/about\/"]}]},{"@type":"BreadcrumbList","@id":"https:\/\/fullstackdesigner.digital\/about\/#breadcrumb","itemListElement":[{"@type":"ListItem","position":1,"name":"Home","item":"https:\/\/fullstackdesigner.digital\/"},{"@type":"ListItem","position":2,"name":"About"}]},{"@type":"WebSite","@id":"https:\/\/fullstackdesigner.digital\/#website","url":"https:\/\/fullstackdesigner.digital\/","name":"Dise\u00f1ador Full-Stack","description":"Servicios de dise\u00f1o y desarrollo UI UX","publisher":{"@id":"https:\/\/fullstackdesigner.digital\/#\/schema\/person\/a0db32bb11ba746adaf71a58742d6510"},"potentialAction":[{"@type":"SearchAction","target":{"@type":"EntryPoint","urlTemplate":"https:\/\/fullstackdesigner.digital\/?s={search_term_string}"},"query-input":{"@type":"PropertyValueSpecification","valueRequired":true,"valueName":"search_term_string"}}],"inLanguage":"es"},{"@type":["Person","Organization"],"@id":"https:\/\/fullstackdesigner.digital\/#\/schema\/person\/a0db32bb11ba746adaf71a58742d6510","name":"Ra\u00fal V\u00e1zquez Gonz\u00e1lez","image":{"@type":"ImageObject","inLanguage":"es","@id":"https:\/\/fullstackdesigner.digital\/wp-content\/uploads\/2025\/01\/cropped-logo-icon-black-square.png","url":"https:\/\/fullstackdesigner.digital\/wp-content\/uploads\/2025\/01\/cropped-logo-icon-black-square.png","contentUrl":"https:\/\/fullstackdesigner.digital\/wp-content\/uploads\/2025\/01\/cropped-logo-icon-black-square.png","width":512,"height":512,"caption":"Ra\u00fal V\u00e1zquez Gonz\u00e1lez"},"logo":{"@id":"https:\/\/fullstackdesigner.digital\/wp-content\/uploads\/2025\/01\/cropped-logo-icon-black-square.png"},"sameAs":["https:\/\/fullstackdesigner.digital"]}]}},"uagb_featured_image_src":{"full":false,"thumbnail":false,"medium":false,"medium_large":false,"large":false,"1536x1536":false,"2048x2048":false,"trp-custom-language-flag":false},"uagb_author_info":{"display_name":"Ra\u00fal V\u00e1zquez Gonz\u00e1lez","author_link":"https:\/\/fullstackdesigner.digital\/es\/author\/designing-products\/"},"uagb_comment_info":0,"uagb_excerpt":"Know-how SENIOR EXPERTISE I have been involved in all kind of industries and projects: from electronics to fashion; from social networks to 3D animations. Let me know what you need. I am ready. Out-of-the-box thinking FRESH &amp; DIFFERENT I always go one step further when offering you tailored and unique solutions, finding trendy ways to&hellip;","_links":{"self":[{"href":"https:\/\/fullstackdesigner.digital\/es\/wp-json\/wp\/v2\/pages\/161","targetHints":{"allow":["GET"]}}],"collection":[{"href":"https:\/\/fullstackdesigner.digital\/es\/wp-json\/wp\/v2\/pages"}],"about":[{"href":"https:\/\/fullstackdesigner.digital\/es\/wp-json\/wp\/v2\/types\/page"}],"author":[{"embeddable":true,"href":"https:\/\/fullstackdesigner.digital\/es\/wp-json\/wp\/v2\/users\/1"}],"replies":[{"embeddable":true,"href":"https:\/\/fullstackdesigner.digital\/es\/wp-json\/wp\/v2\/comments?post=161"}],"version-history":[{"count":21,"href":"https:\/\/fullstackdesigner.digital\/es\/wp-json\/wp\/v2\/pages\/161\/revisions"}],"predecessor-version":[{"id":544,"href":"https:\/\/fullstackdesigner.digital\/es\/wp-json\/wp\/v2\/pages\/161\/revisions\/544"}],"wp:attachment":[{"href":"https:\/\/fullstackdesigner.digital\/es\/wp-json\/wp\/v2\/media?parent=161"}],"curies":[{"name":"wp","href":"https:\/\/api.w.org\/{rel}","templated":true}]}}